{"id":3257,"date":"2024-04-26T14:37:46","date_gmt":"2024-04-26T12:37:46","guid":{"rendered":"https:\/\/laracomunicacion.com\/declaracion-de-accesibilidad\/"},"modified":"2024-05-02T10:23:27","modified_gmt":"2024-05-02T08:23:27","slug":"accessibility-statement","status":"publish","type":"page","link":"https:\/\/laracomunicacion.com\/en\/accessibility-statement\/","title":{"rendered":"Accessibility Statement"},"content":{"rendered":"\t\t<div data-elementor-type=\"wp-page\" data-elementor-id=\"3257\" class=\"elementor elementor-3257 elementor-3083\" data-elementor-post-type=\"page\">\n\t\t\t\t<div class=\"elementor-element elementor-element-24caf88 e-flex e-con-boxed e-con e-parent\" data-id=\"24caf88\" data-element_type=\"container\">\n\t\t\t\t\t<div class=\"e-con-inner\">\n\t\t\t\t<div class=\"elementor-element elementor-element-92967e6 elementor-widget elementor-widget-text-editor\" data-id=\"92967e6\" data-element_type=\"widget\" data-widget_type=\"text-editor.default\">\n\t\t\t\t<div class=\"elementor-widget-container\">\n\t\t\t\t\t\t\t\t\t<p>Este sitio web se ha comprometido a hacer accesibles sus contenidos de conformidad con el Real Decreto 1112\/2018, de 7 de septiembre, sobre accesibilidad de los sitios web y aplicaciones para dispositivos m\u00f3viles (en adelante, Real Decreto 1112\/2018, de 7 de septiembre).<\/p><p>La presente declaraci\u00f3n de accesibilidad se aplica a este sitio web.<\/p><p>&nbsp;<\/p><h4 style=\"text-align: center;\">SITUACI\u00d3N DE CUMPLIMIENTO<\/h4><p><br>Este sitio web es parcialmente conforme con el Real Decreto 1112\/2018, de 7 de septiembre.<\/p><p>El m\u00e9todo empleado para preparar la declaraci\u00f3n ha sido una autoevaluaci\u00f3n llevada a cabo por la propia entidad titular del sitio web.<\/p><p>&nbsp;<\/p><h4 style=\"text-align: center;\">OBSERVACIONES Y DATOS DE CONTACTO<\/h4><p><br>Puede realizar comunicaciones sobre requisitos de accesibilidad (art\u00edculo 10.2.a) del Real Decreto 1112\/2018, de 7 de septiembre) como, por ejemplo:<\/p><p>Informar sobre cualquier posible incumplimiento por parte de este sitio web.<br>Transmitir otras dificultades de acceso al contenido.<br>Formular cualquier otra consulta o sugerencia de mejora relativa a la accesibilidad del sitio web.<br>A trav\u00e9s de las v\u00edas de contacto expuestas en nuestra p\u00e1gina de contacto.<\/p><p>Las comunicaciones ser\u00e1n recibidas y tratadas por la entidad responsable de los contenidos de este sitio web.<\/p><p>&nbsp;<\/p><h4 style=\"text-align: center;\">PROCEDIMIENTO DE APLICACI\u00d3N<\/h4><p><br>A trav\u00e9s de este procedimiento podr\u00e1 iniciar una reclamaci\u00f3n para conocer y oponerse a los motivos de la desestimaci\u00f3n de una solicitud de informaci\u00f3n accesible o queja, instar la adopci\u00f3n de las medidas oportunas en el caso de no estar de acuerdo con la decisi\u00f3n adoptada, o exponer las razones por las que se considera que la respuesta no cumple con los requisitos exigidos.<\/p><p>Enlace al procedimiento de reclamaci\u00f3n, que debe dirigir a la unidad responsable de accesibilidad de este ministerio, o si la reclamaci\u00f3n es por una actuaci\u00f3n de dicha unidad, al superior jer\u00e1rquico de \u00e9sta.<\/p><p>&nbsp;<\/p><h4 style=\"text-align: center;\">CONTENIDO OPCIONAL<\/h4><p><br>A partir de su publicaci\u00f3n inicial se llevan a cabo revisiones parciales del contenido web nuevo o modificado, tanto de las plantillas como de las p\u00e1ginas y documentos finales publicados, a fin de asegurar el cumplimiento de los requerimientos de accesibilidad de la Norma UNE-EN 301549:2019, considerando las excepciones del Real Decreto 1112\/2018, de 7 de septiembre.<\/p><p>Entre otras se adoptan las siguientes medidas para facilitar la accesibilidad:<\/p><p>Utilizaci\u00f3n de texto alternativo en las im\u00e1genes<br>Los enlaces ofrecen detalles de la funci\u00f3n o destino del hiperv\u00ednculo<br>Uso de los est\u00e1ndares del W3C: XHTML 1.0, CSS 3.0, WAI AA.<\/p>\t\t\t\t\t\t\t\t<\/div>\n\t\t\t\t<\/div>\n\t\t\t\t\t<\/div>\n\t\t\t\t<\/div>\n\t\t\t\t<\/div>\n\t\t","protected":false},"excerpt":{"rendered":"<p>Este sitio web se ha comprometido a hacer accesibles sus contenidos de conformidad con el Real Decreto 1112\/2018, de 7 de septiembre, sobre accesibilidad de los sitios web y aplicaciones para dispositivos m\u00f3viles (en adelante, Real Decreto 1112\/2018, de 7 de septiembre). La presente declaraci\u00f3n de accesibilidad se aplica a este sitio web. &nbsp; SITUACI\u00d3N [&hellip;]<\/p>\n","protected":false},"author":1,"featured_media":0,"parent":0,"menu_order":0,"comment_status":"closed","ping_status":"closed","template":"","meta":{"_acf_changed":false,"footnotes":""},"class_list":["post-3257","page","type-page","status-publish","hentry"],"acf":[],"_links":{"self":[{"href":"https:\/\/laracomunicacion.com\/en\/wp-json\/wp\/v2\/pages\/3257","targetHints":{"allow":["GET"]}}],"collection":[{"href":"https:\/\/laracomunicacion.com\/en\/wp-json\/wp\/v2\/pages"}],"about":[{"href":"https:\/\/laracomunicacion.com\/en\/wp-json\/wp\/v2\/types\/page"}],"author":[{"embeddable":true,"href":"https:\/\/laracomunicacion.com\/en\/wp-json\/wp\/v2\/users\/1"}],"replies":[{"embeddable":true,"href":"https:\/\/laracomunicacion.com\/en\/wp-json\/wp\/v2\/comments?post=3257"}],"version-history":[{"count":1,"href":"https:\/\/laracomunicacion.com\/en\/wp-json\/wp\/v2\/pages\/3257\/revisions"}],"predecessor-version":[{"id":3258,"href":"https:\/\/laracomunicacion.com\/en\/wp-json\/wp\/v2\/pages\/3257\/revisions\/3258"}],"wp:attachment":[{"href":"https:\/\/laracomunicacion.com\/en\/wp-json\/wp\/v2\/media?parent=3257"}],"curies":[{"name":"wp","href":"https:\/\/api.w.org\/{rel}","templated":true}]}}