{"id":3057,"date":"2024-04-09T10:46:22","date_gmt":"2024-04-09T08:46:22","guid":{"rendered":"http:\/\/192.81.220.174\/contacto\/"},"modified":"2024-05-03T14:03:17","modified_gmt":"2024-05-03T12:03:17","slug":"contact","status":"publish","type":"page","link":"https:\/\/laracomunicacion.com\/en\/contact\/","title":{"rendered":"Contact"},"content":{"rendered":"\t\t<div data-elementor-type=\"wp-page\" data-elementor-id=\"3057\" class=\"elementor elementor-3057 elementor-2313\" data-elementor-post-type=\"page\">\n\t\t\t\t<div class=\"elementor-element elementor-element-b3c3d86 e-flex e-con-boxed e-con e-parent\" data-id=\"b3c3d86\" data-element_type=\"container\">\n\t\t\t\t\t<div class=\"e-con-inner\">\n\t\t\t\t<div class=\"elementor-element elementor-element-423309e elementor-widget elementor-widget-text-editor\" data-id=\"423309e\" data-element_type=\"widget\" data-widget_type=\"text-editor.default\">\n\t\t\t\t<div class=\"elementor-widget-container\">\n\t\t\t\t\t\t\t\t\t<p>Si todo lo que has le\u00eddo hasta aqu\u00ed te ha parecido interesante y crees que puedo ayudarte no dudes en contactar conmigo.<\/p>\t\t\t\t\t\t\t\t<\/div>\n\t\t\t\t<\/div>\n\t\t\t\t\t<\/div>\n\t\t\t\t<\/div>\n\t\t<div class=\"elementor-element elementor-element-192e206 e-flex e-con-boxed e-con e-parent\" data-id=\"192e206\" data-element_type=\"container\">\n\t\t\t\t\t<div class=\"e-con-inner\">\n\t\t<div class=\"elementor-element elementor-element-6428ae3 e-con-full e-flex e-con e-child\" data-id=\"6428ae3\" data-element_type=\"container\">\n\t\t<div class=\"elementor-element elementor-element-b77331c e-con-full e-flex e-con e-child\" data-id=\"b77331c\" data-element_type=\"container\" data-settings=\"{&quot;background_background&quot;:&quot;classic&quot;}\">\n\t\t\t\t<div class=\"elementor-element elementor-element-aad176f elementor-widget elementor-widget-image\" data-id=\"aad176f\" data-element_type=\"widget\" data-widget_type=\"image.default\">\n\t\t\t\t<div class=\"elementor-widget-container\">\n\t\t\t\t\t\t\t\t\t\t\t\t\t\t\t<img decoding=\"async\" width=\"40\" height=\"40\" src=\"https:\/\/laracomunicacion.com\/wp-content\/uploads\/2024\/03\/message.svg\" class=\"attachment-full size-full wp-image-1724\" alt=\"\" \/>\t\t\t\t\t\t\t\t\t\t\t\t\t\t\t<\/div>\n\t\t\t\t<\/div>\n\t\t\t\t<div class=\"elementor-element elementor-element-d755ab9 elementor-widget elementor-widget-heading\" data-id=\"d755ab9\" data-element_type=\"widget\" data-widget_type=\"heading.default\">\n\t\t\t\t<div class=\"elementor-widget-container\">\n\t\t\t\t\t<h2 class=\"elementor-heading-title elementor-size-default\">Email<\/h2>\t\t\t\t<\/div>\n\t\t\t\t<\/div>\n\t\t\t\t<div class=\"elementor-element elementor-element-4a52506 elementor-widget elementor-widget-heading\" data-id=\"4a52506\" data-element_type=\"widget\" data-widget_type=\"heading.default\">\n\t\t\t\t<div class=\"elementor-widget-container\">\n\t\t\t\t\t<p class=\"elementor-heading-title elementor-size-default\">juana@laracomunicacion.com<\/p>\t\t\t\t<\/div>\n\t\t\t\t<\/div>\n\t\t\t\t<div class=\"elementor-element elementor-element-9d7af40 elementor-widget elementor-widget-tg-btn\" data-id=\"9d7af40\" data-element_type=\"widget\" data-widget_type=\"tg-btn.default\">\n\t\t\t\t<div class=\"elementor-widget-container\">\n\t\t\t\t\t\r\n\r\n        \r\n                            <a href=\"mailto:juana@laracomunicacion.com\" target=\"_blank\" rel=\"nofollow\" class=\"link-btn tg-btn\">\r\n                    <span class=\"link-effect\">\r\n                        <span class=\"effect-1\">Escr\u00edbeme<\/span>\r\n                        <span class=\"effect-1\">Escr\u00edbeme<\/span>\r\n                    <\/span>\r\n                    <svg width=\"13\" height=\"13\" viewBox=\"0 0 13 13\" fill=\"none\" xmlns=\"http:\/\/www.w3.org\/2000\/svg\">\r\n                        <path d=\"M2 11L11.2 1.8M12 11V1H2\" stroke=\"currentColor\" stroke-width=\"2\" stroke-linecap=\"square\" \/>\r\n                    <\/svg>\r\n                <\/a>\r\n            \r\n        \r\n\t\t\t\t<\/div>\n\t\t\t\t<\/div>\n\t\t\t\t<\/div>\n\t\t\t\t<\/div>\n\t\t<div class=\"elementor-element elementor-element-be4454d e-con-full e-flex e-con e-child\" data-id=\"be4454d\" data-element_type=\"container\">\n\t\t<div class=\"elementor-element elementor-element-b084f92 e-con-full e-flex e-con e-child\" data-id=\"b084f92\" data-element_type=\"container\" data-settings=\"{&quot;background_background&quot;:&quot;classic&quot;}\">\n\t\t\t\t<div class=\"elementor-element elementor-element-5ef708a elementor-widget elementor-widget-image\" data-id=\"5ef708a\" data-element_type=\"widget\" data-widget_type=\"image.default\">\n\t\t\t\t<div class=\"elementor-widget-container\">\n\t\t\t\t\t\t\t\t\t\t\t\t\t\t\t<img decoding=\"async\" width=\"40\" height=\"40\" src=\"https:\/\/laracomunicacion.com\/wp-content\/uploads\/2024\/03\/phone.svg\" class=\"attachment-full size-full wp-image-1725\" alt=\"\" \/>\t\t\t\t\t\t\t\t\t\t\t\t\t\t\t<\/div>\n\t\t\t\t<\/div>\n\t\t\t\t<div class=\"elementor-element elementor-element-327ba7b elementor-widget elementor-widget-heading\" data-id=\"327ba7b\" data-element_type=\"widget\" data-widget_type=\"heading.default\">\n\t\t\t\t<div class=\"elementor-widget-container\">\n\t\t\t\t\t<h2 class=\"elementor-heading-title elementor-size-default\">Tel\u00e9fono<\/h2>\t\t\t\t<\/div>\n\t\t\t\t<\/div>\n\t\t\t\t<div class=\"elementor-element elementor-element-6f923a0 elementor-widget elementor-widget-heading\" data-id=\"6f923a0\" data-element_type=\"widget\" data-widget_type=\"heading.default\">\n\t\t\t\t<div class=\"elementor-widget-container\">\n\t\t\t\t\t<p class=\"elementor-heading-title elementor-size-default\">+34 606 94 57 17<\/p>\t\t\t\t<\/div>\n\t\t\t\t<\/div>\n\t\t\t\t<div class=\"elementor-element elementor-element-55f4a21 elementor-widget elementor-widget-tg-btn\" data-id=\"55f4a21\" data-element_type=\"widget\" data-widget_type=\"tg-btn.default\">\n\t\t\t\t<div class=\"elementor-widget-container\">\n\t\t\t\t\t\r\n\r\n        \r\n                            <a href=\"tel:34606945717\" target=\"_blank\" rel=\"nofollow\" class=\"link-btn tg-btn\">\r\n                    <span class=\"link-effect\">\r\n                        <span class=\"effect-1\">Ll\u00e1mame<\/span>\r\n                        <span class=\"effect-1\">Ll\u00e1mame<\/span>\r\n                    <\/span>\r\n                    <svg width=\"13\" height=\"13\" viewBox=\"0 0 13 13\" fill=\"none\" xmlns=\"http:\/\/www.w3.org\/2000\/svg\">\r\n                        <path d=\"M2 11L11.2 1.8M12 11V1H2\" stroke=\"currentColor\" stroke-width=\"2\" stroke-linecap=\"square\" \/>\r\n                    <\/svg>\r\n                <\/a>\r\n            \r\n        \r\n\t\t\t\t<\/div>\n\t\t\t\t<\/div>\n\t\t\t\t<\/div>\n\t\t\t\t<\/div>\n\t\t\t\t\t<\/div>\n\t\t\t\t<\/div>\n\t\t\t\t<\/div>\n\t\t","protected":false},"excerpt":{"rendered":"<p>Si todo lo que has le\u00eddo hasta aqu\u00ed te ha parecido interesante y crees que puedo ayudarte no dudes en contactar conmigo. Email juana@laracomunicacion.com Escr\u00edbeme Escr\u00edbeme Tel\u00e9fono +34 606 94 57 17 Ll\u00e1mame Ll\u00e1mame<\/p>\n","protected":false},"author":1,"featured_media":0,"parent":0,"menu_order":0,"comment_status":"closed","ping_status":"closed","template":"","meta":{"_acf_changed":false,"footnotes":""},"class_list":["post-3057","page","type-page","status-publish","hentry"],"acf":[],"_links":{"self":[{"href":"https:\/\/laracomunicacion.com\/en\/wp-json\/wp\/v2\/pages\/3057","targetHints":{"allow":["GET"]}}],"collection":[{"href":"https:\/\/laracomunicacion.com\/en\/wp-json\/wp\/v2\/pages"}],"about":[{"href":"https:\/\/laracomunicacion.com\/en\/wp-json\/wp\/v2\/types\/page"}],"author":[{"embeddable":true,"href":"https:\/\/laracomunicacion.com\/en\/wp-json\/wp\/v2\/users\/1"}],"replies":[{"embeddable":true,"href":"https:\/\/laracomunicacion.com\/en\/wp-json\/wp\/v2\/comments?post=3057"}],"version-history":[{"count":1,"href":"https:\/\/laracomunicacion.com\/en\/wp-json\/wp\/v2\/pages\/3057\/revisions"}],"predecessor-version":[{"id":3311,"href":"https:\/\/laracomunicacion.com\/en\/wp-json\/wp\/v2\/pages\/3057\/revisions\/3311"}],"wp:attachment":[{"href":"https:\/\/laracomunicacion.com\/en\/wp-json\/wp\/v2\/media?parent=3057"}],"curies":[{"name":"wp","href":"https:\/\/api.w.org\/{rel}","templated":true}]}}