{"id":3050,"date":"2024-04-09T11:20:16","date_gmt":"2024-04-09T09:20:16","guid":{"rendered":"http:\/\/192.81.220.174\/perfil-profesional\/"},"modified":"2024-04-26T12:32:25","modified_gmt":"2024-04-26T10:32:25","slug":"perfil-profesional","status":"publish","type":"page","link":"https:\/\/laracomunicacion.com\/en\/perfil-profesional\/","title":{"rendered":"Perfil Profesional"},"content":{"rendered":"\t\t<div data-elementor-type=\"wp-page\" data-elementor-id=\"3050\" class=\"elementor elementor-3050 elementor-2323\" data-elementor-post-type=\"page\">\n\t\t\t\t<div class=\"elementor-element elementor-element-33082a3 e-flex e-con-boxed e-con e-parent\" data-id=\"33082a3\" data-element_type=\"container\">\n\t\t\t\t\t<div class=\"e-con-inner\">\n\t\t\t\t<div class=\"elementor-element elementor-element-666086e elementor-widget elementor-widget-text-editor\" data-id=\"666086e\" data-element_type=\"widget\" data-widget_type=\"text-editor.default\">\n\t\t\t\t<div class=\"elementor-widget-container\">\n\t\t\t\t\t\t\t\t\t<p><strong>Juana Lara<\/strong> es licenciada en Geograf\u00eda e Historia por la Universitat de Val\u00e8ncia, se ha formado en el IE Business School en Direcci\u00f3n de Empresas, posee un M\u00e1ster en Relaciones Laborales por la CEOE, M\u00e1ster en Educaci\u00f3n por la Universitat de Val\u00e8ncia y es experta europea en Responsabilidad Social por la Asociaci\u00f3n Espa\u00f1ola de la Calidad.<\/p><p>Ha sido periodista en TVE y Onda Cero Radio, donde ha dirigido programas informativos. Ha sido directora gerente de una PYME de base tecnol\u00f3gica y cofundadora y directora de una Start Up.<\/p><p>Ha sido directora de gabinete de alcald\u00eda en D\u00e9nia y ha asesorado desde Presidencia a la Generalitat Valenciana a las diferentes Consellerias para la promoci\u00f3n externa de la Comunidad Valenciana, as\u00ed como a RTVV en el uso de nuevas tecnolog\u00edas de la comunicaci\u00f3n, donde coordin\u00f3 el proceso de implantaci\u00f3n de la TDT y adem\u00e1s cre\u00f3 y dirigi\u00f3 el departamento multimedia.<\/p><p>Desde 2016 es consultora y asesora en comunicaci\u00f3n para empresas del sector cer\u00e1mico, tecnol\u00f3gico, de la alimentaci\u00f3n, educaci\u00f3n y puertos, entre otros sectores.<\/p><p>Imparte clases como docente en el M\u00e1ster sobre Marketing Pol\u00edtico y Comunicaci\u00f3n Institucional de la Universidad Cat\u00f3lica de Valencia y en la C\u00e1mara de Comercio de Valencia y Castell\u00f3n, as\u00ed como en organizaciones empresariales como Femeval. Es mentora y formadora en comunicaci\u00f3n dentro de la plataforma Innsomnia para directivos y empresas tecnol\u00f3gicas nacionales e internacionales aceleradas por CaixaBank y el Banco Santander para Latinoam\u00e9rica y Espa\u00f1a, adem\u00e1s de formar parte del equipo de mentores dentro del proyecto Acelera PYMES del Ministerio de Innovaci\u00f3n y la E.O.I.<\/p>\t\t\t\t\t\t\t\t<\/div>\n\t\t\t\t<\/div>\n\t\t\t\t\t<\/div>\n\t\t\t\t<\/div>\n\t\t\t\t<\/div>\n\t\t","protected":false},"excerpt":{"rendered":"<p>Juana Lara es licenciada en Geograf\u00eda e Historia por la Universitat de Val\u00e8ncia, se ha formado en el IE Business School en Direcci\u00f3n de Empresas, posee un M\u00e1ster en Relaciones Laborales por la CEOE, M\u00e1ster en Educaci\u00f3n por la Universitat de Val\u00e8ncia y es experta europea en Responsabilidad Social por la Asociaci\u00f3n Espa\u00f1ola de la [&hellip;]<\/p>\n","protected":false},"author":1,"featured_media":0,"parent":0,"menu_order":0,"comment_status":"closed","ping_status":"closed","template":"","meta":{"_acf_changed":false,"footnotes":""},"class_list":["post-3050","page","type-page","status-publish","hentry"],"acf":[],"_links":{"self":[{"href":"https:\/\/laracomunicacion.com\/en\/wp-json\/wp\/v2\/pages\/3050","targetHints":{"allow":["GET"]}}],"collection":[{"href":"https:\/\/laracomunicacion.com\/en\/wp-json\/wp\/v2\/pages"}],"about":[{"href":"https:\/\/laracomunicacion.com\/en\/wp-json\/wp\/v2\/types\/page"}],"author":[{"embeddable":true,"href":"https:\/\/laracomunicacion.com\/en\/wp-json\/wp\/v2\/users\/1"}],"replies":[{"embeddable":true,"href":"https:\/\/laracomunicacion.com\/en\/wp-json\/wp\/v2\/comments?post=3050"}],"version-history":[{"count":1,"href":"https:\/\/laracomunicacion.com\/en\/wp-json\/wp\/v2\/pages\/3050\/revisions"}],"predecessor-version":[{"id":3051,"href":"https:\/\/laracomunicacion.com\/en\/wp-json\/wp\/v2\/pages\/3050\/revisions\/3051"}],"wp:attachment":[{"href":"https:\/\/laracomunicacion.com\/en\/wp-json\/wp\/v2\/media?parent=3050"}],"curies":[{"name":"wp","href":"https:\/\/api.w.org\/{rel}","templated":true}]}}